{"id":642,"date":"2016-04-01T11:43:50","date_gmt":"2016-04-01T09:43:50","guid":{"rendered":"http:\/\/www.mesgo.it\/en\/produzione-silicone\/"},"modified":"2024-07-22T13:23:27","modified_gmt":"2024-07-22T11:23:27","slug":"silicone-rubber-production","status":"publish","type":"page","link":"https:\/\/www.mesgo.it\/en\/silicone-rubber-production\/","title":{"rendered":"Silicone rubber production"},"content":{"rendered":"<h1>Silicone rubber production<\/h1>\n<p style=\"text-align: center;\">Silicone rubber compounds are produced in the Gorlago, Tomasz\u00f2w Mazowiecki (Poland) and \u00c7ay\u0131rova (Turkey) plants,<br \/>\nwhich have an installed <strong>production capacity of 12,400 Ton\/year<\/strong>.<br \/>\nAll necessary machinery and technologies available for silicone blending are used in compounds production.<\/p>\n<p style=\"text-align: center;\">The valuable experience gained over the years has contributed to better select the most suitable and productive machinery and processes to <strong>produce any kind of silicone compounds<\/strong>: transparent to coloured, low to high density, peroxide to platinum sales, both for moulding and extrusion.<\/p>\n<p style=\"text-align: center;\">The separated production plants permit a steady and continuous supplying even in case of a temporary arrest of one of them, and their geographical location assure a regular quality to the compounds produced for those international customers operating with outsourcing manufacturing.<\/p>\n","protected":false},"excerpt":{"rendered":"<p>Silicone rubber production Silicone rubber compounds are produced in the Gorlago, Tomasz\u00f2w Mazowiecki (Poland) and \u00c7ay\u0131rova (Turkey) plants, which have an installed production capacity of 12,400 Ton\/year. All necessary machinery and technologies available for silicone blending are used in compounds production. The valuable experience gained over the years has contributed to better select the most &hellip; <a href=\"https:\/\/www.mesgo.it\/en\/silicone-rubber-production\/\">Continued<\/a><\/p>\n","protected":false},"author":5,"featured_media":0,"parent":0,"menu_order":1,"comment_status":"closed","ping_status":"closed","template":"template-plants.php","meta":[],"acf":[],"_links":{"self":[{"href":"https:\/\/www.mesgo.it\/en\/wp-json\/wp\/v2\/pages\/642\/"}],"collection":[{"href":"https:\/\/www.mesgo.it\/en\/wp-json\/wp\/v2\/pages\/"}],"about":[{"href":"https:\/\/www.mesgo.it\/en\/wp-json\/wp\/v2\/types\/page\/"}],"author":[{"embeddable":true,"href":"https:\/\/www.mesgo.it\/en\/wp-json\/wp\/v2\/users\/5\/"}],"replies":[{"embeddable":true,"href":"https:\/\/www.mesgo.it\/en\/wp-json\/wp\/v2\/comments\/?post=642"}],"version-history":[{"count":6,"href":"https:\/\/www.mesgo.it\/en\/wp-json\/wp\/v2\/pages\/642\/revisions\/"}],"predecessor-version":[{"id":15331,"href":"https:\/\/www.mesgo.it\/en\/wp-json\/wp\/v2\/pages\/642\/revisions\/15331\/"}],"wp:attachment":[{"href":"https:\/\/www.mesgo.it\/en\/wp-json\/wp\/v2\/media\/?parent=642"}],"curies":[{"name":"wp","href":"https:\/\/api.w.org\/{rel}","templated":true}]}}